{"id":1985,"date":"2025-10-27T10:23:38","date_gmt":"2025-10-27T10:23:38","guid":{"rendered":"https:\/\/www.w-create.co\/?page_id=1985"},"modified":"2026-02-25T10:53:15","modified_gmt":"2026-02-25T10:53:15","slug":"data-protection","status":"publish","type":"page","link":"https:\/\/www.w-create.co\/en\/data-protection\/","title":{"rendered":"DATA PROTECTION"},"content":{"rendered":"<div data-elementor-type=\"wp-page\" data-elementor-id=\"1985\" class=\"elementor elementor-1985\" data-elementor-post-type=\"page\">\n\t\t\t\t<section class=\"elementor-element elementor-element-5367811 e-con-full e-flex e-con e-parent\" data-id=\"5367811\" data-element_type=\"container\" data-e-type=\"container\" data-settings=\"{&quot;background_background&quot;:&quot;classic&quot;,&quot;background_motion_fx_motion_fx_scrolling&quot;:&quot;yes&quot;,&quot;background_motion_fx_scale_effect&quot;:&quot;yes&quot;,&quot;background_motion_fx_scale_speed&quot;:{&quot;unit&quot;:&quot;px&quot;,&quot;size&quot;:7,&quot;sizes&quot;:[]},&quot;background_motion_fx_scale_range&quot;:{&quot;unit&quot;:&quot;%&quot;,&quot;size&quot;:&quot;&quot;,&quot;sizes&quot;:{&quot;start&quot;:0,&quot;end&quot;:100}},&quot;background_motion_fx_scale_direction&quot;:&quot;out-in&quot;,&quot;background_motion_fx_devices&quot;:[&quot;desktop&quot;,&quot;tablet&quot;,&quot;mobile&quot;]}\">\n\t\t<div class=\"elementor-element elementor-element-cfae14c e-con-full e-flex e-con e-child\" data-id=\"cfae14c\" data-element_type=\"container\" data-e-type=\"container\" data-settings=\"{&quot;background_background&quot;:&quot;classic&quot;}\">\n\t\t<div class=\"elementor-element elementor-element-cebd68a e-con-full e-flex e-con e-child\" data-id=\"cebd68a\" data-element_type=\"container\" data-e-type=\"container\">\n\t\t\t\t<div class=\"elementor-element elementor-element-55b2fea elementor-widget-divider--view-line elementor-widget elementor-widget-divider\" data-id=\"55b2fea\" data-element_type=\"widget\" data-e-type=\"widget\" data-widget_type=\"divider.default\">\n\t\t\t\t\t\t\t<div class=\"elementor-divider\">\n\t\t\t<span class=\"elementor-divider-separator\">\n\t\t\t\t\t\t<\/span>\n\t\t<\/div>\n\t\t\t\t\t\t<\/div>\n\t\t\t\t<div class=\"elementor-element elementor-element-f2e512d elementor-widget-divider--view-line elementor-widget elementor-widget-divider\" data-id=\"f2e512d\" data-element_type=\"widget\" data-e-type=\"widget\" data-widget_type=\"divider.default\">\n\t\t\t\t\t\t\t<div class=\"elementor-divider\">\n\t\t\t<span class=\"elementor-divider-separator\">\n\t\t\t\t\t\t<\/span>\n\t\t<\/div>\n\t\t\t\t\t\t<\/div>\n\t\t\t\t<div class=\"elementor-element elementor-element-59946df elementor-widget-divider--view-line elementor-widget elementor-widget-divider\" data-id=\"59946df\" data-element_type=\"widget\" data-e-type=\"widget\" data-widget_type=\"divider.default\">\n\t\t\t\t\t\t\t<div class=\"elementor-divider\">\n\t\t\t<span class=\"elementor-divider-separator\">\n\t\t\t\t\t\t<\/span>\n\t\t<\/div>\n\t\t\t\t\t\t<\/div>\n\t\t\t\t<div class=\"elementor-element elementor-element-8ef15c4 elementor-widget-divider--view-line elementor-widget elementor-widget-divider\" data-id=\"8ef15c4\" data-element_type=\"widget\" data-e-type=\"widget\" data-widget_type=\"divider.default\">\n\t\t\t\t\t\t\t<div class=\"elementor-divider\">\n\t\t\t<span class=\"elementor-divider-separator\">\n\t\t\t\t\t\t<\/span>\n\t\t<\/div>\n\t\t\t\t\t\t<\/div>\n\t\t<div class=\"elementor-element elementor-element-4caeffb e-flex e-con-boxed e-con e-child\" data-id=\"4caeffb\" data-element_type=\"container\" data-e-type=\"container\">\n\t\t\t\t\t<div class=\"e-con-inner\">\n\t\t\t\t<div class=\"elementor-element elementor-element-7b9235f elementor-invisible elementor-widget elementor-widget-heading\" data-id=\"7b9235f\" data-element_type=\"widget\" data-e-type=\"widget\" data-settings=\"{&quot;_animation&quot;:&quot;fadeInUp&quot;}\" data-widget_type=\"heading.default\">\n\t\t\t\t\t<h1 class=\"elementor-heading-title elementor-size-default\">PRIVACY POLICY<\/h1>\t\t\t\t<\/div>\n\t\t\t\t\t<\/div>\n\t\t\t\t<\/div>\n\t\t\t\t<\/div>\n\t\t\t\t<\/div>\n\t\t\t\t<\/section>\n\t\t<div class=\"elementor-element elementor-element-35c13e5 e-flex e-con-boxed e-con e-parent\" data-id=\"35c13e5\" data-element_type=\"container\" data-e-type=\"container\">\n\t\t\t\t\t<div class=\"e-con-inner\">\n\t\t\t\t<div class=\"elementor-element elementor-element-b799548 elementor-widget elementor-widget-text-editor\" data-id=\"b799548\" data-element_type=\"widget\" data-e-type=\"widget\" data-widget_type=\"text-editor.default\">\n\t\t\t\t\t\t\t\t\t<h2>Declaration of information obligation<\/h2>\n<h3>Privacy Policy<\/h3>\n<p style=\"text-align: left;\">In the following privacy policy, we inform you about the most important aspects of data processing within the framework of our website. We collect and process personal data only on the basis of the statutory provisions (General Data Protection Regulation, Telecommunications Act 2003).<\/p>\n<p style=\"text-align: left;\">As soon as you access or visit our website as a user, your IP address, the start and end of the session are recorded. This is necessary for technical reasons and therefore constitutes a legitimate interest within the meaning of Art. 6 (1) (f) GDPR.<\/p>\n<h3>&nbsp;<\/h3>\n<h3 style=\"text-align: left;\">Contacting us<\/h3>\n<p style=\"text-align: left;\">If you contact us either via the contact form on our website or by email, the data you provide will be stored by us for six months for the purpose of processing your enquiry or in case of further follow-up questions. Your transmitted data will not be passed on without your consent.<\/p>\n<h3>&nbsp;<\/h3>\n<h3 style=\"text-align: left;\">Cookies<\/h3>\n<p style=\"text-align: left;\">Our website uses cookies. These are small text files that are stored on your device with the help of your browser. They do not cause any damage. We use cookies to make our website user-friendly. Some cookies remain stored on your device until you delete them. They enable us to recognize your browser the next time you visit our website. If you do not want this, you can set your browser to inform you about the setting of cookies and only allow this in individual cases. If you deactivate cookies, the functionality of our website may be restricted.<\/p>\n<h3>&nbsp;<\/h3>\n<h3 style=\"text-align: left;\">Google Fonts<\/h3>\n<p style=\"text-align: left;\">Our website uses fonts from \u201cGoogle Fonts\u201d. The service provider for this function is:<\/p>\n<ul>\n<li>Google Ireland Limited Gordon House, Barrow Street Dublin 4. Ireland<\/li>\n<\/ul>\n<p style=\"text-align: left;\">Tel: +353 1 543 1000<\/p>\n<p style=\"text-align: left;\">When you visit this website, your browser loads fonts and stores them in the cache. As a visitor to the website, you receive data from the service provider, which means that Google may set or analyze cookies on your computer.<\/p>\n<p style=\"text-align: left;\">The use of \u201cGoogle Fonts\u201d serves to optimise our service and the uniform presentation of content. This constitutes a legitimate interest within the meaning of Art. 6 (1) lit. f GDPR.<\/p>\n<p style=\"text-align: left;\">Further information about Google Fonts can be found at the following link:<\/p>\n<ul style=\"text-align: left;\">\n<li><a href=\"https:\/\/developers.google.com\/fonts\/faq\" target=\"_blank\" rel=\"noopener\"> https:\/\/developers.google.com\/fonts\/faq <\/a><\/li>\n<\/ul>\n<p style=\"text-align: left;\">Further information about Google's handling of user data can be found in the privacy policy:<\/p>\n<ul style=\"text-align: left;\">\n<li><a href=\"https:\/\/policies.google.com\/privacy?hl=de\" target=\"_blank\" rel=\"noopener\"> https:\/\/policies.google.com\/privacy?hl=de <\/a> .<\/li>\n<\/ul>\n<p style=\"text-align: left;\">Google also processes the data in the USA, but has submitted to the <br>EU-US Privacy Shield.<\/p>\n<p style=\"text-align: left;\"><a href=\"https:\/\/www.privacyshield.gov\/EU-US-Framework\" target=\"_blank\" rel=\"noopener\"> https:\/\/www.privacyshield.gov\/EU-US-Framework <\/a><\/p>\n<h5>&nbsp;<\/h5>\n<h3 style=\"text-align: left;\">Your rights<\/h3>\n<p style=\"text-align: left;\">As a data subject, you have the following rights with regard to your data stored by us:<\/p>\n<ul style=\"text-align: left;\">\n<li>Information<\/li>\n<li>Deletion of data<\/li>\n<li>Correction of data<\/li>\n<li>Data portability<\/li>\n<li>Revocation and objection to data processing<\/li>\n<li>Restriction<\/li>\n<\/ul>\n<p style=\"text-align: left;\">Wenn sie vermuten, dass im Zuge der Verarbeitung Ihrer Daten Verst\u00f6\u00dfe gegen das Datenschutzrecht passiert sind, so haben Sie die M\u00f6glichkeit sich bei uns (office (at) w-create.co) oder der Datenschutzbeh\u00f6rde zu beschweren.<\/p>\n<h3>&nbsp;<\/h3>\n<h3 style=\"text-align: left;\">You can reach us at the following contact details:<\/h3>\n<p style=\"text-align: left;\"><b>Website operator:<\/b> W.CREATE Real Estates GmbH<br><b>Email:<\/b> office (at) w-create.co<\/p>\n<p style=\"text-align: left;\">Legal text from source: GDPR Data Protection Generator in cooperation <b><a href=\"https:\/\/rechtsanwaltmedizinrecht.at\/\" target=\"_blank\" rel=\"noopener\">Rechtsanwalt Medizinrecht<\/a><\/b><\/p>\t\t\t\t\t\t\t\t<\/div>\n\t\t\t\t\t<\/div>\n\t\t\t\t<\/div>\n\t\t\t\t<\/div>","protected":false},"excerpt":{"rendered":"<p>DATENSCHUTZ Erkl\u00e4rung zur Informationspflicht Datenschutzerkl\u00e4rung In folgender Datenschutzerkl\u00e4rung informieren wir Sie \u00fcber die wichtigsten Aspekte der Datenverarbeitung im Rahmen unserer Webseite. Wir erheben und verarbeiten personenbezogene Daten nur auf Grundlage der gesetzlichen Bestimmungen (Datenschutzgrundverordnung, Telekommunikationsgesetz 2003). Sobald Sie als Benutzer auf unsere Webseite zugreifen oder diese besuchen wird Ihre IP-Adresse, Beginn sowie Beginn und Ende [&hellip;]<\/p>","protected":false},"author":2,"featured_media":0,"parent":0,"menu_order":0,"comment_status":"closed","ping_status":"closed","template":"","meta":{"_acf_changed":false,"footnotes":""},"class_list":["post-1985","page","type-page","status-publish","hentry"],"acf":[],"_links":{"self":[{"href":"https:\/\/www.w-create.co\/en\/wp-json\/wp\/v2\/pages\/1985","targetHints":{"allow":["GET"]}}],"collection":[{"href":"https:\/\/www.w-create.co\/en\/wp-json\/wp\/v2\/pages"}],"about":[{"href":"https:\/\/www.w-create.co\/en\/wp-json\/wp\/v2\/types\/page"}],"author":[{"embeddable":true,"href":"https:\/\/www.w-create.co\/en\/wp-json\/wp\/v2\/users\/2"}],"replies":[{"embeddable":true,"href":"https:\/\/www.w-create.co\/en\/wp-json\/wp\/v2\/comments?post=1985"}],"version-history":[{"count":33,"href":"https:\/\/www.w-create.co\/en\/wp-json\/wp\/v2\/pages\/1985\/revisions"}],"predecessor-version":[{"id":5015,"href":"https:\/\/www.w-create.co\/en\/wp-json\/wp\/v2\/pages\/1985\/revisions\/5015"}],"wp:attachment":[{"href":"https:\/\/www.w-create.co\/en\/wp-json\/wp\/v2\/media?parent=1985"}],"curies":[{"name":"wp","href":"https:\/\/api.w.org\/{rel}","templated":true}]}}